{"id":1906,"date":"2023-10-31T11:20:11","date_gmt":"2023-10-31T10:20:11","guid":{"rendered":"https:\/\/smats.units.it\/?page_id=1906"},"modified":"2024-10-17T12:48:05","modified_gmt":"2024-10-17T10:48:05","slug":"organigramma-smats","status":"publish","type":"page","link":"https:\/\/smats.units.it\/en\/organigramma-smats\/","title":{"rendered":"Organization chart"},"content":{"rendered":"<div class=\"wp-block-getwid-section getwid-section-content-full-width\"><div class=\"wp-block-getwid-section__wrapper\"><div class=\"wp-block-getwid-section__inner-wrapper\"><div class=\"wp-block-getwid-section__background-holder\"><div class=\"wp-block-getwid-section__background\"><\/div><div class=\"wp-block-getwid-section__foreground\"><\/div><\/div><div class=\"wp-block-getwid-section__content\"><div class=\"wp-block-getwid-section__inner-content\">\n<h3 class=\"wp-block-heading has-text-align-center\" id=\"organigramma\">Organization chart<\/h3>\n\n\n\n<p class=\"has-text-align-center\">The members of the Scientific Committee (2024-2027) of smaTs are:<\/p>\n<\/div><\/div><\/div><\/div><\/div>\n\n\n\n<div class=\"wp-block-query is-layout-flow wp-block-query-is-layout-flow\"><ul class=\"wp-block-post-template is-layout-flow wp-block-post-template-is-layout-flow\"><li class=\"wp-block-post post-2441 organigramma type-organigramma status-publish format-standard has-post-thumbnail hentry\">\n<figure class=\"wp-block-post-featured-image\"><img loading=\"lazy\" decoding=\"async\" width=\"136\" height=\"136\" src=\"https:\/\/smats.units.it\/wp-content\/uploads\/2024\/10\/fiorentini-rounded.jpg\" class=\"attachment-post-thumbnail size-post-thumbnail wp-post-image\" alt=\"\" style=\"object-fit:cover;\" srcset=\"https:\/\/smats.units.it\/wp-content\/uploads\/2024\/10\/fiorentini-rounded.jpg 136w, https:\/\/smats.units.it\/wp-content\/uploads\/2024\/10\/fiorentini-rounded-12x12.jpg 12w\" sizes=\"auto, (max-width: 136px) 100vw, 136px\" \/><\/figure>\n\n\n<div class=\"wp-block-group\"><div class=\"wp-block-group__inner-container is-layout-constrained wp-block-group-is-layout-constrained\"><h2 class=\"wp-block-post-title\">Francesca Fiorentini &#8211; coordinatrice<\/h2>\n\n<div class=\"lazyblock-settore-ateneo-ZX2rUa wp-block-lazyblock-settore-ateneo\"><p>\r\n  Department of Legal, Language, Interpreting and Translation Studies<\/p><\/div>\n\n<div class=\"entry-content wp-block-post-content is-layout-flow wp-block-post-content-is-layout-flow\">\n<p>Francesca Fiorentini is associate professor of Private Comparative Law. She is former Research Associate at the Max-Planck-Institut f\u00fcr ausl\u00e4ndisches und internationals Privatrecht of Hamburg and former Marie Curie Fellow at the Zentrum f\u00fcr Europ\u00e4isches Rechtspolitik of the University of Bremen. She has authored a book on Secured Transactions over Immovable Property in European Law, co-edited many books and published articles and essays on comparative property law and comparative cultural heritage law. She has co-directed an international research project financed by the European Union (ERA-NET PLUS - Horizon 2020) entitled \"The Right to Cultural Heritage - Its Protection and Enforcement Through Cooperation in the European Union\". She is a member of \"The 1995 UNIDROIT Academic Project\" aimed at the spreading around the world the culture of heritage proctection by promoting states' adoption of the UNIDORIT Convention on stolen or illegally exported cultural property.<\/p>\n\n\n\n<p><\/p>\n<\/div>\n\n\n<p class=\"read\"><strong>Leggi di pi\u00f9<\/strong><\/p>\n<\/div><\/div>\n\n<\/li><li class=\"wp-block-post post-1861 organigramma type-organigramma status-publish format-standard has-post-thumbnail hentry\">\n<figure class=\"wp-block-post-featured-image\"><img loading=\"lazy\" decoding=\"async\" width=\"136\" height=\"136\" src=\"https:\/\/smats.units.it\/wp-content\/uploads\/2023\/10\/2.png\" class=\"attachment-post-thumbnail size-post-thumbnail wp-post-image\" alt=\"\" style=\"object-fit:cover;\" srcset=\"https:\/\/smats.units.it\/wp-content\/uploads\/2023\/10\/2.png 136w, https:\/\/smats.units.it\/wp-content\/uploads\/2023\/10\/2-12x12.png 12w\" sizes=\"auto, (max-width: 136px) 100vw, 136px\" \/><\/figure>\n\n\n<div class=\"wp-block-group\"><div class=\"wp-block-group__inner-container is-layout-constrained wp-block-group-is-layout-constrained\"><h2 class=\"wp-block-post-title\">Paolo Bernardis<\/h2>\n\n<div class=\"lazyblock-settore-ateneo-ZX2rUa wp-block-lazyblock-settore-ateneo\"><p>\r\n  Department of Life Sciences<\/p><\/div>\n\n<div class=\"entry-content wp-block-post-content is-layout-flow wp-block-post-content-is-layout-flow\">\n<p>Paolo Bernardis is an associate professor at the Psychology Unit, and serves as the Director of the Specialization School in Neuropsychology. His research lines focuses on the perception and control of\naction in healthy individuals and in those with neurological deficits. Presently, his research involves studying eye movements and autobiographical memory, motion control, and cognitive functions in patients with Parkinson's disease, as well as exploring the interactions between emotions and action control.<\/p>\n<\/div>\n\n\n<p class=\"read\"><strong>Leggi di pi\u00f9<\/strong><\/p>\n<\/div><\/div>\n\n<\/li><li class=\"wp-block-post post-1895 organigramma type-organigramma status-publish format-standard has-post-thumbnail hentry\">\n<figure class=\"wp-block-post-featured-image\"><img loading=\"lazy\" decoding=\"async\" width=\"136\" height=\"136\" src=\"https:\/\/smats.units.it\/wp-content\/uploads\/2023\/10\/7.png\" class=\"attachment-post-thumbnail size-post-thumbnail wp-post-image\" alt=\"cristina cocever ricci\" style=\"object-fit:cover;\" srcset=\"https:\/\/smats.units.it\/wp-content\/uploads\/2023\/10\/7.png 136w, https:\/\/smats.units.it\/wp-content\/uploads\/2023\/10\/7-12x12.png 12w\" sizes=\"auto, (max-width: 136px) 100vw, 136px\" \/><\/figure>\n\n\n<div class=\"wp-block-group\"><div class=\"wp-block-group__inner-container is-layout-constrained wp-block-group-is-layout-constrained\"><h2 class=\"wp-block-post-title\">Cristina Cocever Ricci<\/h2>\n\n<div class=\"lazyblock-settore-ateneo-ZX2rUa wp-block-lazyblock-settore-ateneo\"><p>\r\n  University Museum System and Museum Center<\/p><\/div>\n\n<div class=\"entry-content wp-block-post-content is-layout-flow wp-block-post-content-is-layout-flow\">\n<p>Cristina Cocever is the head of the University Library System and Museum Center. She holds a degree in Communication Sciences, and is specialized in Advertising and Corporate Communication. She also hosts a first-level master's degree in Document Indexing in the Digital Environment. She coordinates the publishing house EUT - Edizioni Universit\u00e0 di Trieste, the Museum Center, and the University Library System.<\/p>\n<\/div>\n\n\n<p class=\"read\"><strong>Leggi di pi\u00f9<\/strong><\/p>\n<\/div><\/div>\n\n<\/li><li class=\"wp-block-post post-2445 organigramma type-organigramma status-publish format-standard has-post-thumbnail hentry\">\n<figure class=\"wp-block-post-featured-image\"><img loading=\"lazy\" decoding=\"async\" width=\"136\" height=\"136\" src=\"https:\/\/smats.units.it\/wp-content\/uploads\/2024\/10\/mainardi-rounded.jpg\" class=\"attachment-post-thumbnail size-post-thumbnail wp-post-image\" alt=\"\" style=\"object-fit:cover;\" srcset=\"https:\/\/smats.units.it\/wp-content\/uploads\/2024\/10\/mainardi-rounded.jpg 136w, https:\/\/smats.units.it\/wp-content\/uploads\/2024\/10\/mainardi-rounded-12x12.jpg 12w\" sizes=\"auto, (max-width: 136px) 100vw, 136px\" \/><\/figure>\n\n\n<div class=\"wp-block-group\"><div class=\"wp-block-group__inner-container is-layout-constrained wp-block-group-is-layout-constrained\"><h2 class=\"wp-block-post-title\">Fulvia Mainardis<\/h2>\n\n<div class=\"lazyblock-settore-ateneo-ZX2rUa wp-block-lazyblock-settore-ateneo\"><p>\r\n  Department of Humanities<\/p><\/div>\n\n<div class=\"entry-content wp-block-post-content is-layout-flow wp-block-post-content-is-layout-flow\">\n<p>Fulvia Mainardis is an associate professor of Roman History and Latin Epigraphy, a member of the teaching board of the School of Specialisation in Archaeology (Trieste, Udine, Venice) and of the PhD School (Venice, Trieste, Udine). He is a member of the Curatorial Board of the \u2018P. Revoltella\u2019 Museum of Modern Art in Trieste and is the University's scientific referee for the International Centre for Studies on the History and Archaeology of the Adriatic. He is currently president of the Centre of Upper Adriatic Antiquities and vice-president of Terra Italia Onlus. He deals with issues related to Romanisation, onomastics, linguistic and alphabetic interference between Romans and non-Romans, political and administrative history, ancient economy (instrumentum), epigraphic forgery and the use of new media for teaching and epigraphy.<\/p>\n\n\n\n<p><\/p>\n<\/div>\n\n\n<p class=\"read\"><strong>Leggi di pi\u00f9<\/strong><\/p>\n<\/div><\/div>\n\n<\/li><li class=\"wp-block-post post-1892 organigramma type-organigramma status-publish format-standard has-post-thumbnail hentry\">\n<figure class=\"wp-block-post-featured-image\"><img loading=\"lazy\" decoding=\"async\" width=\"136\" height=\"136\" src=\"https:\/\/smats.units.it\/wp-content\/uploads\/2023\/10\/6.png\" class=\"attachment-post-thumbnail size-post-thumbnail wp-post-image\" alt=\"moreno zago\" style=\"object-fit:cover;\" srcset=\"https:\/\/smats.units.it\/wp-content\/uploads\/2023\/10\/6.png 136w, https:\/\/smats.units.it\/wp-content\/uploads\/2023\/10\/6-12x12.png 12w\" sizes=\"auto, (max-width: 136px) 100vw, 136px\" \/><\/figure>\n\n\n<div class=\"wp-block-group\"><div class=\"wp-block-group__inner-container is-layout-constrained wp-block-group-is-layout-constrained\"><h2 class=\"wp-block-post-title\">Moreno Zago<\/h2>\n\n<div class=\"lazyblock-settore-ateneo-ZX2rUa wp-block-lazyblock-settore-ateneo\"><p>\r\n  Department of Political and Social Sciences<\/p><\/div>\n\n<div class=\"entry-content wp-block-post-content is-layout-flow wp-block-post-content-is-layout-flow\">\n<p>Moreno Zago is an environmental and territorial sociologist and an associate professor with courses in Tourism Analysis and Project as well as in Cross-Border Relations and Local Development. He is co-director of the journal \"Futuribili\" and regional delegate of the Italian Society of Tourism Sciences. His research activities primarily focus on three main areas: changes in tourist demand and supply; identity, borders, and cross-border cooperation; multiculturalism and quality of life.<\/p>\n\n\n\n<p><\/p>\n<\/div>\n\n\n<p class=\"read\"><strong>Leggi di pi\u00f9<\/strong><\/p>\n<\/div><\/div>\n\n<\/li><li class=\"wp-block-post post-1889 organigramma type-organigramma status-publish format-standard has-post-thumbnail hentry\">\n<figure class=\"wp-block-post-featured-image\"><img loading=\"lazy\" decoding=\"async\" width=\"136\" height=\"136\" src=\"https:\/\/smats.units.it\/wp-content\/uploads\/2023\/10\/5.png\" class=\"attachment-post-thumbnail size-post-thumbnail wp-post-image\" alt=\"maria cristina pinzani\" style=\"object-fit:cover;\" srcset=\"https:\/\/smats.units.it\/wp-content\/uploads\/2023\/10\/5.png 136w, https:\/\/smats.units.it\/wp-content\/uploads\/2023\/10\/5-12x12.png 12w\" sizes=\"auto, (max-width: 136px) 100vw, 136px\" \/><\/figure>\n\n\n<div class=\"wp-block-group\"><div class=\"wp-block-group__inner-container is-layout-constrained wp-block-group-is-layout-constrained\"><h2 class=\"wp-block-post-title\">Maria Cristina Pinzani<\/h2>\n\n<div class=\"lazyblock-settore-ateneo-ZX2rUa wp-block-lazyblock-settore-ateneo\"><p>\r\n  University Museum System and Museum Center<\/p><\/div>\n\n<div class=\"entry-content wp-block-post-content is-layout-flow wp-block-post-content-is-layout-flow\">\n<p>Maria Cristina Pinzani was graduated in Conservation of Cultural Heritage with a historical-artistic focus, and subsequently obtained a diploma as Archivist and a specialisation diploma from the Master's Degree Course in Photographic Archives: Digitisation, Cataloguing, Valorisation. Since its establishment, she has been collaborating with the University Museum System, participating in initiatives aimed at preserving historical artistic heritage and enhancing its value. She is assigned to the Archive of Writers and Regional Culture, where she manages the reference service reference and coordinates the activity to the internships in the study programs.<\/p>\n<\/div>\n\n\n<p class=\"read\"><strong>Leggi di pi\u00f9<\/strong><\/p>\n<\/div><\/div>\n\n<\/li><li class=\"wp-block-post post-2429 organigramma type-organigramma status-publish format-standard has-post-thumbnail hentry\">\n<figure class=\"wp-block-post-featured-image\"><img loading=\"lazy\" decoding=\"async\" width=\"136\" height=\"136\" src=\"https:\/\/smats.units.it\/wp-content\/uploads\/2024\/10\/Jordan.png\" class=\"attachment-post-thumbnail size-post-thumbnail wp-post-image\" alt=\"Jordan Pi\u0161\u010danc\" style=\"object-fit:cover;\" srcset=\"https:\/\/smats.units.it\/wp-content\/uploads\/2024\/10\/Jordan.png 136w, https:\/\/smats.units.it\/wp-content\/uploads\/2024\/10\/Jordan-12x12.png 12w\" sizes=\"auto, (max-width: 136px) 100vw, 136px\" \/><\/figure>\n\n\n<div class=\"wp-block-group\"><div class=\"wp-block-group__inner-container is-layout-constrained wp-block-group-is-layout-constrained\"><h2 class=\"wp-block-post-title\">Jordan Pi\u0161\u010danc<\/h2>\n\n<div class=\"lazyblock-settore-ateneo-ZX2rUa wp-block-lazyblock-settore-ateneo\"><p>\r\n  Digital archives and library support<\/p><\/div>\n\n<div class=\"entry-content wp-block-post-content is-layout-flow wp-block-post-content-is-layout-flow\">\n<p>Jordan Pi\u0161\u010danc is the Head of the Digital Archives and Library Support Staff Unit. He has been following the University Institutional Archives for more than 18 years as IT Repository Manager. Graduated in Electronic Engineering with a Master in Privacy &amp; Security ICT in PA and ITIL Foundation certification, he mainly deals with Open Archive and DSpace-CRIS\/GLAM infrastructures. He follows OpenScience topics with great interest and is active in the DSpace community with speeches in various international conferences (OpenRepositories, OAI, euroCRIS).<\/p>\n\n\n\n<p><\/p>\n<\/div>\n\n\n<p class=\"read\"><strong>Leggi di pi\u00f9<\/strong><\/p>\n<\/div><\/div>\n\n<\/li><li class=\"wp-block-post post-1898 organigramma type-organigramma status-publish format-standard has-post-thumbnail hentry\">\n<figure class=\"wp-block-post-featured-image\"><img loading=\"lazy\" decoding=\"async\" width=\"136\" height=\"136\" src=\"https:\/\/smats.units.it\/wp-content\/uploads\/2023\/10\/8.png\" class=\"attachment-post-thumbnail size-post-thumbnail wp-post-image\" alt=\"elisa zilli\" style=\"object-fit:cover;\" srcset=\"https:\/\/smats.units.it\/wp-content\/uploads\/2023\/10\/8.png 136w, https:\/\/smats.units.it\/wp-content\/uploads\/2023\/10\/8-12x12.png 12w\" sizes=\"auto, (max-width: 136px) 100vw, 136px\" \/><\/figure>\n\n\n<div class=\"wp-block-group\"><div class=\"wp-block-group__inner-container is-layout-constrained wp-block-group-is-layout-constrained\"><h2 class=\"wp-block-post-title\">Elisa Zilli<\/h2>\n\n<div class=\"lazyblock-settore-ateneo-ZX2rUa wp-block-lazyblock-settore-ateneo\"><p>\r\n  University Museum System and Museum Center<\/p><\/div>\n\n<div class=\"entry-content wp-block-post-content is-layout-flow wp-block-post-content-is-layout-flow\">\n<p>Elisa Zilli is a librarian, holding a degree in Humanities with a focus on history and art. She obtained a bachelor degree in Bibliography and Musical Librarianship, a master degree in Document Indexing in the Digital Environment, a master in General Museum Education, and a diploma from the School of Archiving, Palaeography, and Diplomacy. She is in charge of the the office which coordinates Museum Services and the TSA (Theatre, Sound, and Audiovisual) Pole of the National Library Service, primarily handling cataloging, indexing, and catalog-related issues.<\/p>\n<\/div>\n\n\n<p class=\"read\"><strong>Leggi di pi\u00f9<\/strong><\/p>\n<\/div><\/div>\n\n<\/li><li class=\"wp-block-post post-1859 organigramma type-organigramma status-publish format-standard has-post-thumbnail hentry\">\n<figure class=\"wp-block-post-featured-image\"><img loading=\"lazy\" decoding=\"async\" width=\"136\" height=\"136\" src=\"https:\/\/smats.units.it\/wp-content\/uploads\/2023\/10\/1.png\" class=\"attachment-post-thumbnail size-post-thumbnail wp-post-image\" alt=\"\" style=\"object-fit:cover;\" srcset=\"https:\/\/smats.units.it\/wp-content\/uploads\/2023\/10\/1.png 136w, https:\/\/smats.units.it\/wp-content\/uploads\/2023\/10\/1-12x12.png 12w\" sizes=\"auto, (max-width: 136px) 100vw, 136px\" \/><\/figure>\n\n\n<div class=\"wp-block-group\"><div class=\"wp-block-group__inner-container is-layout-constrained wp-block-group-is-layout-constrained\"><h2 class=\"wp-block-post-title\">Bruno Callegher \u2013 coordinator<\/h2>\n\n<div class=\"lazyblock-settore-ateneo-ZX2rUa wp-block-lazyblock-settore-ateneo\"><p>\r\n  Department of Humanities<\/p><\/div>\n\n<div class=\"entry-content wp-block-post-content is-layout-flow wp-block-post-content-is-layout-flow\">\n<p style=\"font-size:16px\">Bruno Callegher is a full professor in Numismatics and Monetary History. In 1987\/88 he created and organized the Archive of the writer Goffredo Parise, both in Rome and Ponte di Piave, which allow conservation and use of the writer's papers, library, and artworks collection, featuring works by Cy Twombly, Tano Festa, Franco Angeli, Giosetta Fioroni, Filippo de Pisis, Mario Schifano. He was the director and curator of the Bottacin Museum in Padua. He was also part of the task force which designed and realized the Museum of Palazzo Zuckermann and the Historical Museum of the city of Padua. He serves as a consultant for the conception of the numismatic section of the National Archaeological Museum of Aquileia and the Museum of the Holy Land - Studium Biblicum in Jerusalem.<\/p>\n\n\n\n<p style=\"font-size:16px\"><\/p>\n\n\n\n<p><\/p>\n<\/div>\n\n\n<p class=\"read\"><strong>Leggi di pi\u00f9<\/strong><\/p>\n<\/div><\/div>\n\n<\/li><li class=\"wp-block-post post-1883 organigramma type-organigramma status-publish format-standard has-post-thumbnail hentry\">\n<figure class=\"wp-block-post-featured-image\"><img loading=\"lazy\" decoding=\"async\" width=\"136\" height=\"136\" src=\"https:\/\/smats.units.it\/wp-content\/uploads\/2023\/10\/3.png\" class=\"attachment-post-thumbnail size-post-thumbnail wp-post-image\" alt=\"ester colizza\" style=\"object-fit:cover;\" srcset=\"https:\/\/smats.units.it\/wp-content\/uploads\/2023\/10\/3.png 136w, https:\/\/smats.units.it\/wp-content\/uploads\/2023\/10\/3-12x12.png 12w\" sizes=\"auto, (max-width: 136px) 100vw, 136px\" \/><\/figure>\n\n\n<div class=\"wp-block-group\"><div class=\"wp-block-group__inner-container is-layout-constrained wp-block-group-is-layout-constrained\"><h2 class=\"wp-block-post-title\">Ester Colizza<\/h2>\n\n<div class=\"lazyblock-settore-ateneo-ZX2rUa wp-block-lazyblock-settore-ateneo\"><p>\r\n  Department of Mathematics, Informatics and Geosciences<\/p><\/div>\n\n<div class=\"entry-content wp-block-post-content is-layout-flow wp-block-post-content-is-layout-flow\">\n<p>Ester Colizza is an associate professor, who give classes in Geology. Her primary research interest lies within the framework of the National Research Project in Antarctica, to which she contributes investigating late Quaternary paleoenvironmental and paleoclimatic events through the analysis of sedimentary materials. She has participated in eight expeditions to Antarctica. Since 2017, she has been the director of the Trieste section of the National Antarctic Museum.<\/p>\n<\/div>\n\n\n<p class=\"read\"><strong>Leggi di pi\u00f9<\/strong><\/p>\n<\/div><\/div>\n\n<\/li><li class=\"wp-block-post post-1886 organigramma type-organigramma status-publish format-standard has-post-thumbnail hentry\">\n<figure class=\"wp-block-post-featured-image\"><img loading=\"lazy\" decoding=\"async\" width=\"136\" height=\"136\" src=\"https:\/\/smats.units.it\/wp-content\/uploads\/2023\/10\/4.png\" class=\"attachment-post-thumbnail size-post-thumbnail wp-post-image\" alt=\"stefano martellos\" style=\"object-fit:cover;\" srcset=\"https:\/\/smats.units.it\/wp-content\/uploads\/2023\/10\/4.png 136w, https:\/\/smats.units.it\/wp-content\/uploads\/2023\/10\/4-12x12.png 12w\" sizes=\"auto, (max-width: 136px) 100vw, 136px\" \/><\/figure>\n\n\n<div class=\"wp-block-group\"><div class=\"wp-block-group__inner-container is-layout-constrained wp-block-group-is-layout-constrained\"><h2 class=\"wp-block-post-title\">Stefano Martellos<\/h2>\n\n<div class=\"lazyblock-settore-ateneo-ZX2rUa wp-block-lazyblock-settore-ateneo\"><p>\r\n  Department of Life Sciences<\/p><\/div>\n\n<div class=\"entry-content wp-block-post-content is-layout-flow wp-block-post-content-is-layout-flow\">\n<p>Stefano Martellos is an associate professor in Systematic Botany. His research interests focus on biodiversity informatics biodiversity informatics, taxonomy, and the ecology of lichenised fungi. He has published several papers in international scientific journals, co-authored several books \u2014 some of which devoted to laypersons \u2014 on botanical themes. He was the inventor of the first patent of the University of Trieste for the identification of classifiable objects, such as plant and animal organisms, minerals, and more. He is a member of several scientific associations, including the National Association of Scientific Museums.<\/p>\n<\/div>\n\n\n<p class=\"read\"><strong>Leggi di pi\u00f9<\/strong><\/p>\n<\/div><\/div>\n\n<\/li><\/ul>\n\n<\/div>","protected":false},"excerpt":{"rendered":"","protected":false},"author":1,"featured_media":0,"parent":0,"menu_order":0,"comment_status":"closed","ping_status":"closed","template":"","meta":{"inline_featured_image":false,"footnotes":""},"class_list":["post-1906","page","type-page","status-publish","hentry"],"acf":[],"_links":{"self":[{"href":"https:\/\/smats.units.it\/en\/wp-json\/wp\/v2\/pages\/1906","targetHints":{"allow":["GET"]}}],"collection":[{"href":"https:\/\/smats.units.it\/en\/wp-json\/wp\/v2\/pages"}],"about":[{"href":"https:\/\/smats.units.it\/en\/wp-json\/wp\/v2\/types\/page"}],"author":[{"embeddable":true,"href":"https:\/\/smats.units.it\/en\/wp-json\/wp\/v2\/users\/1"}],"replies":[{"embeddable":true,"href":"https:\/\/smats.units.it\/en\/wp-json\/wp\/v2\/comments?post=1906"}],"version-history":[{"count":68,"href":"https:\/\/smats.units.it\/en\/wp-json\/wp\/v2\/pages\/1906\/revisions"}],"predecessor-version":[{"id":2492,"href":"https:\/\/smats.units.it\/en\/wp-json\/wp\/v2\/pages\/1906\/revisions\/2492"}],"wp:attachment":[{"href":"https:\/\/smats.units.it\/en\/wp-json\/wp\/v2\/media?parent=1906"}],"curies":[{"name":"wp","href":"https:\/\/api.w.org\/{rel}","templated":true}]}}